{"id":27,"date":"2025-12-04T17:14:50","date_gmt":"2025-12-04T17:14:50","guid":{"rendered":"https:\/\/debbynocaminho.es\/?page_id=27"},"modified":"2025-12-23T17:03:17","modified_gmt":"2025-12-23T17:03:17","slug":"sobre-mi","status":"publish","type":"page","link":"https:\/\/debbynocaminho.es\/index.php\/sobre-mi\/","title":{"rendered":"Sobre M\u00ed"},"content":{"rendered":"\t\t<div data-elementor-type=\"wp-page\" data-elementor-id=\"27\" class=\"elementor elementor-27\" data-elementor-post-type=\"page\">\n\t\t\t\t<div class=\"elementor-element elementor-element-76b70cb e-con-full e-flex e-con e-parent\" data-id=\"76b70cb\" data-element_type=\"container\" data-settings=\"{&quot;background_background&quot;:&quot;classic&quot;}\">\n\t\t<div class=\"elementor-element elementor-element-e0a100b e-con-full e-flex e-con e-child\" data-id=\"e0a100b\" data-element_type=\"container\">\n\t\t\t\t<\/div>\n\t\t\t\t<\/div>\n\t\t<div class=\"elementor-element elementor-element-2f8a6f4 e-con-full e-flex e-con e-parent\" data-id=\"2f8a6f4\" data-element_type=\"container\">\n\t\t<div class=\"elementor-element elementor-element-169b468 e-con-full e-flex e-con e-child\" data-id=\"169b468\" data-element_type=\"container\">\n\t\t\t\t<div class=\"elementor-element elementor-element-233ebf0 elementor-widget elementor-widget-image\" data-id=\"233ebf0\" data-element_type=\"widget\" data-widget_type=\"image.default\">\n\t\t\t\t\t\t\t\t\t\t\t\t\t\t\t<img fetchpriority=\"high\" decoding=\"async\" width=\"768\" height=\"768\" src=\"https:\/\/debbynocaminho.es\/wp-content\/uploads\/2025\/12\/foto-sencilla-768x768.png\" class=\"attachment-medium_large size-medium_large wp-image-232\" alt=\"\" srcset=\"https:\/\/debbynocaminho.es\/wp-content\/uploads\/2025\/12\/foto-sencilla-768x768.png 768w, https:\/\/debbynocaminho.es\/wp-content\/uploads\/2025\/12\/foto-sencilla-300x300.png 300w, https:\/\/debbynocaminho.es\/wp-content\/uploads\/2025\/12\/foto-sencilla-150x150.png 150w, https:\/\/debbynocaminho.es\/wp-content\/uploads\/2025\/12\/foto-sencilla.png 1024w\" sizes=\"(max-width: 768px) 100vw, 768px\" \/>\t\t\t\t\t\t\t\t\t\t\t\t\t\t\t<\/div>\n\t\t\t\t<\/div>\n\t\t<div class=\"elementor-element elementor-element-842d4b7 e-con-full e-flex e-con e-child\" data-id=\"842d4b7\" data-element_type=\"container\">\n\t\t\t\t<div class=\"elementor-element elementor-element-66f4c55 elementor-widget elementor-widget-text-editor\" data-id=\"66f4c55\" data-element_type=\"widget\" data-widget_type=\"text-editor.default\">\n\t\t\t\t\t\t\t\t\t<p>Soy Debby De Benedetto, periodista con ra\u00edces italianas y brasile\u00f1as, actualmente residente en Pamplona. He recorrido y estudiado el Camino en profundidad, y hoy lo dise\u00f1o de forma personalizada para quienes buscan una experiencia elegante, aut\u00e9ntica y con sentido.<\/p><p>Mi compromiso es crear Caminos con alma: cuidados al detalle, inspiradores y libres de preocupaciones.<\/p>\t\t\t\t\t\t\t\t<\/div>\n\t\t\t\t<\/div>\n\t\t\t\t<\/div>\n\t\t<div class=\"elementor-element elementor-element-623be88 e-con-full e-flex e-con e-parent\" data-id=\"623be88\" data-element_type=\"container\" data-settings=\"{&quot;background_background&quot;:&quot;classic&quot;}\">\n\t\t\t\t<div class=\"elementor-element elementor-element-ca7d443 elementor-widget elementor-widget-spacer\" data-id=\"ca7d443\" data-element_type=\"widget\" data-widget_type=\"spacer.default\">\n\t\t\t\t\t\t\t<div class=\"elementor-spacer\">\n\t\t\t<div class=\"elementor-spacer-inner\"><\/div>\n\t\t<\/div>\n\t\t\t\t\t\t<\/div>\n\t\t\t\t<div class=\"elementor-element elementor-element-c822dec elementor-widget elementor-widget-heading\" data-id=\"c822dec\" data-element_type=\"widget\" data-widget_type=\"heading.default\">\n\t\t\t\t\t<h2 class=\"elementor-heading-title elementor-size-default\">Mi objetivo es<\/h2>\t\t\t\t<\/div>\n\t\t\t\t<div class=\"elementor-element elementor-element-bfb49bc elementor-widget elementor-widget-heading\" data-id=\"bfb49bc\" data-element_type=\"widget\" data-widget_type=\"heading.default\">\n\t\t\t\t\t<h2 class=\"elementor-heading-title elementor-size-default\">Dise\u00f1ar Caminos \u00fanicos, con alma, para personas que buscan vivir esta traves\u00eda con calma, confort y sentido.<\/h2>\t\t\t\t<\/div>\n\t\t\t\t<\/div>\n\t\t<div class=\"elementor-element elementor-element-9a250f4 e-con-full e-flex e-con e-parent\" data-id=\"9a250f4\" data-element_type=\"container\" data-settings=\"{&quot;background_background&quot;:&quot;classic&quot;}\">\n\t\t\t\t<div class=\"elementor-element elementor-element-7e792a4 elementor-widget elementor-widget-spacer\" data-id=\"7e792a4\" data-element_type=\"widget\" data-widget_type=\"spacer.default\">\n\t\t\t\t\t\t\t<div class=\"elementor-spacer\">\n\t\t\t<div class=\"elementor-spacer-inner\"><\/div>\n\t\t<\/div>\n\t\t\t\t\t\t<\/div>\n\t\t\t\t<div class=\"elementor-element elementor-element-346a55a elementor-widget elementor-widget-heading\" data-id=\"346a55a\" data-element_type=\"widget\" data-widget_type=\"heading.default\">\n\t\t\t\t\t<h2 class=\"elementor-heading-title elementor-size-default\">Mi m\u00e9todo se basa en<\/h2>\t\t\t\t<\/div>\n\t\t\t\t<\/div>\n\t\t<div class=\"elementor-element elementor-element-40523ad e-flex e-con-boxed e-con e-parent\" data-id=\"40523ad\" data-element_type=\"container\" data-settings=\"{&quot;background_background&quot;:&quot;classic&quot;}\">\n\t\t\t\t\t<div class=\"e-con-inner\">\n\t\t<div class=\"elementor-element elementor-element-07fa22b e-con-full e-flex e-con e-child\" data-id=\"07fa22b\" data-element_type=\"container\">\n\t\t\t\t<div class=\"elementor-element elementor-element-3e47b32 elementor-widget elementor-widget-text-editor\" data-id=\"3e47b32\" data-element_type=\"widget\" data-widget_type=\"text-editor.default\">\n\t\t\t\t\t\t\t\t\t<p>Escuchar lo que realmente deseas vivir<\/p>\t\t\t\t\t\t\t\t<\/div>\n\t\t\t\t<\/div>\n\t\t<div class=\"elementor-element elementor-element-22dd8ac e-con-full e-flex e-con e-child\" data-id=\"22dd8ac\" data-element_type=\"container\">\n\t\t\t\t<div class=\"elementor-element elementor-element-db0bd03 elementor-widget elementor-widget-text-editor\" data-id=\"db0bd03\" data-element_type=\"widget\" data-widget_type=\"text-editor.default\">\n\t\t\t\t\t\t\t\t\t<p>Seleccionar con criterio lugares con encanto, gastronom\u00eda y cultura<\/p>\t\t\t\t\t\t\t\t<\/div>\n\t\t\t\t<\/div>\n\t\t<div class=\"elementor-element elementor-element-66bb468 e-con-full e-flex e-con e-child\" data-id=\"66bb468\" data-element_type=\"container\">\n\t\t\t\t<div class=\"elementor-element elementor-element-0e76e22 elementor-widget elementor-widget-text-editor\" data-id=\"0e76e22\" data-element_type=\"widget\" data-widget_type=\"text-editor.default\">\n\t\t\t\t\t\t\t\t\t<p>Organizar la experiencia para que solo tengas que caminar y disfrutar<\/p>\t\t\t\t\t\t\t\t<\/div>\n\t\t\t\t<\/div>\n\t\t<div class=\"elementor-element elementor-element-7409526 e-con-full e-flex e-con e-child\" data-id=\"7409526\" data-element_type=\"container\">\n\t\t\t\t<div class=\"elementor-element elementor-element-c5f6512 elementor-widget elementor-widget-text-editor\" data-id=\"c5f6512\" data-element_type=\"widget\" data-widget_type=\"text-editor.default\">\n\t\t\t\t\t\t\t\t\t<p>Acompa\u00f1arte con sensibilidad y conocimiento<\/p>\t\t\t\t\t\t\t\t<\/div>\n\t\t\t\t<\/div>\n\t\t\t\t\t<\/div>\n\t\t\t\t<\/div>\n\t\t<div class=\"elementor-element elementor-element-c5dcb1d e-con-full e-flex e-con e-parent\" data-id=\"c5dcb1d\" data-element_type=\"container\" data-settings=\"{&quot;background_background&quot;:&quot;classic&quot;}\">\n\t\t\t\t<\/div>\n\t\t<div class=\"elementor-element elementor-element-1e64bae e-con-full e-flex e-con e-parent\" data-id=\"1e64bae\" data-element_type=\"container\">\n\t\t\t\t<div class=\"elementor-element elementor-element-b3a8c3c elementor-widget elementor-widget-spacer\" data-id=\"b3a8c3c\" data-element_type=\"widget\" data-widget_type=\"spacer.default\">\n\t\t\t\t\t\t\t<div class=\"elementor-spacer\">\n\t\t\t<div class=\"elementor-spacer-inner\"><\/div>\n\t\t<\/div>\n\t\t\t\t\t\t<\/div>\n\t\t\t\t<div class=\"elementor-element elementor-element-49a9cdc elementor-widget elementor-widget-heading\" data-id=\"49a9cdc\" data-element_type=\"widget\" data-widget_type=\"heading.default\">\n\t\t\t\t\t<h2 class=\"elementor-heading-title elementor-size-default\">Esta es mi historia<\/h2>\t\t\t\t<\/div>\n\t\t\t\t<\/div>\n\t\t<div class=\"elementor-element elementor-element-798d68d e-con-full e-flex e-con e-parent\" data-id=\"798d68d\" data-element_type=\"container\">\n\t\t\t\t<div class=\"elementor-element elementor-element-a033087 elementor-widget elementor-widget-text-editor\" data-id=\"a033087\" data-element_type=\"widget\" data-widget_type=\"text-editor.default\">\n\t\t\t\t\t\t\t\t\t<p data-start=\"357\" data-end=\"728\">Soy Debby De Benedetto, <strong>periodista<\/strong> de formaci\u00f3n y <strong>viajera<\/strong> de vocaci\u00f3n. Nac\u00ed en Brasil, tengo ra\u00edces italianas y desde hace a\u00f1os vivo en Pamplona, en pleno paso del Camino de Santiago. Mi vida siempre ha estado ligada a <strong>contar historias<\/strong>, observar el mundo con <strong>sensibilidad<\/strong> y crear experiencias que conecten a las personas con la <strong>cultura<\/strong>, la <strong>naturaleza<\/strong> y la <strong>gastronom\u00eda<\/strong>.<\/p><p data-start=\"730\" data-end=\"1169\">Mi v\u00ednculo con el Camino comenz\u00f3 como viajera curiosa, pero pronto se convirti\u00f3 en una <strong>pasi\u00f3n profunda<\/strong>. He recorrido <strong>casi 800 kil\u00f3metros del Camino Franc\u00e9s<\/strong>, atravesando <strong>m\u00e1s de 200 pueblos<\/strong>, estudiando su historia, su esencia y su prop\u00f3sito. Vivirlo con mis propios pasos transform\u00f3 mi manera de ver este viaje: entend\u00ed que no es solo un recorrido, sino una <strong>experiencia humana, sensorial y emocional<\/strong> que cada persona vive de forma diferente.<\/p><p data-start=\"1171\" data-end=\"1391\">Durante a\u00f1os trabaj\u00e9 creando experiencias personalizadas en destinos tur\u00edsticos de alto nivel. Esa visi\u00f3n \u2014cuidar cada detalle, buscar lo aut\u00e9ntico y ofrecer elegancia sin ostentaci\u00f3n\u2014 es la base de todo lo que hago hoy.<\/p>\t\t\t\t\t\t\t\t<\/div>\n\t\t\t\t<\/div>\n\t\t\t\t<\/div>\n\t\t","protected":false},"excerpt":{"rendered":"<p>Soy Debby De Benedetto, periodista con ra\u00edces italianas y brasile\u00f1as, actualmente residente en Pamplona. He recorrido y estudiado el Camino en profundidad, y hoy lo dise\u00f1o de forma personalizada para quienes buscan una experiencia elegante, aut\u00e9ntica y con sentido. Mi compromiso es crear Caminos con alma: cuidados al detalle, inspiradores y libres de preocupaciones. Mi [&hellip;]<\/p>\n","protected":false},"author":1,"featured_media":0,"parent":0,"menu_order":0,"comment_status":"closed","ping_status":"closed","template":"elementor_header_footer","meta":{"footnotes":""},"class_list":["post-27","page","type-page","status-publish","hentry"],"yoast_head":"<!-- This site is optimized with the Yoast SEO plugin v26.6 - https:\/\/yoast.com\/wordpress\/plugins\/seo\/ -->\n<title>Sobre M\u00ed - DebbynoCaminho<\/title>\n<meta name=\"robots\" content=\"index, follow, max-snippet:-1, max-image-preview:large, max-video-preview:-1\" \/>\n<link rel=\"canonical\" href=\"https:\/\/debbynocaminho.es\/index.php\/sobre-mi\/\" \/>\n<meta property=\"og:locale\" content=\"es_ES\" \/>\n<meta property=\"og:type\" content=\"article\" \/>\n<meta property=\"og:title\" content=\"Sobre M\u00ed - DebbynoCaminho\" \/>\n<meta property=\"og:description\" content=\"Soy Debby De Benedetto, periodista con ra\u00edces italianas y brasile\u00f1as, actualmente residente en Pamplona. He recorrido y estudiado el Camino en profundidad, y hoy lo dise\u00f1o de forma personalizada para quienes buscan una experiencia elegante, aut\u00e9ntica y con sentido. Mi compromiso es crear Caminos con alma: cuidados al detalle, inspiradores y libres de preocupaciones. Mi [&hellip;]\" \/>\n<meta property=\"og:url\" content=\"https:\/\/debbynocaminho.es\/index.php\/sobre-mi\/\" \/>\n<meta property=\"og:site_name\" content=\"DebbynoCaminho\" \/>\n<meta property=\"article:modified_time\" content=\"2025-12-23T17:03:17+00:00\" \/>\n<meta property=\"og:image\" content=\"https:\/\/debbynocaminho.es\/wp-content\/uploads\/2025\/12\/foto-sencilla.png\" \/>\n\t<meta property=\"og:image:width\" content=\"1024\" \/>\n\t<meta property=\"og:image:height\" content=\"1024\" \/>\n\t<meta property=\"og:image:type\" content=\"image\/png\" \/>\n<meta name=\"twitter:card\" content=\"summary_large_image\" \/>\n<meta name=\"twitter:label1\" content=\"Tiempo de lectura\" \/>\n\t<meta name=\"twitter:data1\" content=\"2 minutos\" \/>\n<script type=\"application\/ld+json\" class=\"yoast-schema-graph\">{\"@context\":\"https:\/\/schema.org\",\"@graph\":[{\"@type\":\"WebPage\",\"@id\":\"https:\/\/debbynocaminho.es\/index.php\/sobre-mi\/\",\"url\":\"https:\/\/debbynocaminho.es\/index.php\/sobre-mi\/\",\"name\":\"Sobre M\u00ed - DebbynoCaminho\",\"isPartOf\":{\"@id\":\"https:\/\/debbynocaminho.es\/#website\"},\"primaryImageOfPage\":{\"@id\":\"https:\/\/debbynocaminho.es\/index.php\/sobre-mi\/#primaryimage\"},\"image\":{\"@id\":\"https:\/\/debbynocaminho.es\/index.php\/sobre-mi\/#primaryimage\"},\"thumbnailUrl\":\"https:\/\/debbynocaminho.es\/wp-content\/uploads\/2025\/12\/foto-sencilla-768x768.png\",\"datePublished\":\"2025-12-04T17:14:50+00:00\",\"dateModified\":\"2025-12-23T17:03:17+00:00\",\"breadcrumb\":{\"@id\":\"https:\/\/debbynocaminho.es\/index.php\/sobre-mi\/#breadcrumb\"},\"inLanguage\":\"es\",\"potentialAction\":[{\"@type\":\"ReadAction\",\"target\":[\"https:\/\/debbynocaminho.es\/index.php\/sobre-mi\/\"]}]},{\"@type\":\"ImageObject\",\"inLanguage\":\"es\",\"@id\":\"https:\/\/debbynocaminho.es\/index.php\/sobre-mi\/#primaryimage\",\"url\":\"https:\/\/debbynocaminho.es\/wp-content\/uploads\/2025\/12\/foto-sencilla.png\",\"contentUrl\":\"https:\/\/debbynocaminho.es\/wp-content\/uploads\/2025\/12\/foto-sencilla.png\",\"width\":1024,\"height\":1024},{\"@type\":\"BreadcrumbList\",\"@id\":\"https:\/\/debbynocaminho.es\/index.php\/sobre-mi\/#breadcrumb\",\"itemListElement\":[{\"@type\":\"ListItem\",\"position\":1,\"name\":\"Portada\",\"item\":\"https:\/\/debbynocaminho.es\/\"},{\"@type\":\"ListItem\",\"position\":2,\"name\":\"Sobre M\u00ed\"}]},{\"@type\":\"WebSite\",\"@id\":\"https:\/\/debbynocaminho.es\/#website\",\"url\":\"https:\/\/debbynocaminho.es\/\",\"name\":\"DebbynoCaminho\",\"description\":\"\u201cExperiencias del Camino, curadas para ti\u201d\",\"publisher\":{\"@id\":\"https:\/\/debbynocaminho.es\/#\/schema\/person\/e41abc0c65ab10a4491ee4a8428ef567\"},\"potentialAction\":[{\"@type\":\"SearchAction\",\"target\":{\"@type\":\"EntryPoint\",\"urlTemplate\":\"https:\/\/debbynocaminho.es\/?s={search_term_string}\"},\"query-input\":{\"@type\":\"PropertyValueSpecification\",\"valueRequired\":true,\"valueName\":\"search_term_string\"}}],\"inLanguage\":\"es\"},{\"@type\":[\"Person\",\"Organization\"],\"@id\":\"https:\/\/debbynocaminho.es\/#\/schema\/person\/e41abc0c65ab10a4491ee4a8428ef567\",\"name\":\"admin\",\"image\":{\"@type\":\"ImageObject\",\"inLanguage\":\"es\",\"@id\":\"https:\/\/debbynocaminho.es\/#\/schema\/person\/image\/\",\"url\":\"https:\/\/debbynocaminho.es\/wp-content\/uploads\/2025\/12\/cropped-Logo-Trans.png\",\"contentUrl\":\"https:\/\/debbynocaminho.es\/wp-content\/uploads\/2025\/12\/cropped-Logo-Trans.png\",\"width\":500,\"height\":499,\"caption\":\"admin\"},\"logo\":{\"@id\":\"https:\/\/debbynocaminho.es\/#\/schema\/person\/image\/\"},\"sameAs\":[\"https:\/\/debbynocaminho.es\"]}]}<\/script>\n<!-- \/ Yoast SEO plugin. -->","yoast_head_json":{"title":"Sobre M\u00ed - DebbynoCaminho","robots":{"index":"index","follow":"follow","max-snippet":"max-snippet:-1","max-image-preview":"max-image-preview:large","max-video-preview":"max-video-preview:-1"},"canonical":"https:\/\/debbynocaminho.es\/index.php\/sobre-mi\/","og_locale":"es_ES","og_type":"article","og_title":"Sobre M\u00ed - DebbynoCaminho","og_description":"Soy Debby De Benedetto, periodista con ra\u00edces italianas y brasile\u00f1as, actualmente residente en Pamplona. He recorrido y estudiado el Camino en profundidad, y hoy lo dise\u00f1o de forma personalizada para quienes buscan una experiencia elegante, aut\u00e9ntica y con sentido. Mi compromiso es crear Caminos con alma: cuidados al detalle, inspiradores y libres de preocupaciones. Mi [&hellip;]","og_url":"https:\/\/debbynocaminho.es\/index.php\/sobre-mi\/","og_site_name":"DebbynoCaminho","article_modified_time":"2025-12-23T17:03:17+00:00","og_image":[{"width":1024,"height":1024,"url":"https:\/\/debbynocaminho.es\/wp-content\/uploads\/2025\/12\/foto-sencilla.png","type":"image\/png"}],"twitter_card":"summary_large_image","twitter_misc":{"Tiempo de lectura":"2 minutos"},"schema":{"@context":"https:\/\/schema.org","@graph":[{"@type":"WebPage","@id":"https:\/\/debbynocaminho.es\/index.php\/sobre-mi\/","url":"https:\/\/debbynocaminho.es\/index.php\/sobre-mi\/","name":"Sobre M\u00ed - DebbynoCaminho","isPartOf":{"@id":"https:\/\/debbynocaminho.es\/#website"},"primaryImageOfPage":{"@id":"https:\/\/debbynocaminho.es\/index.php\/sobre-mi\/#primaryimage"},"image":{"@id":"https:\/\/debbynocaminho.es\/index.php\/sobre-mi\/#primaryimage"},"thumbnailUrl":"https:\/\/debbynocaminho.es\/wp-content\/uploads\/2025\/12\/foto-sencilla-768x768.png","datePublished":"2025-12-04T17:14:50+00:00","dateModified":"2025-12-23T17:03:17+00:00","breadcrumb":{"@id":"https:\/\/debbynocaminho.es\/index.php\/sobre-mi\/#breadcrumb"},"inLanguage":"es","potentialAction":[{"@type":"ReadAction","target":["https:\/\/debbynocaminho.es\/index.php\/sobre-mi\/"]}]},{"@type":"ImageObject","inLanguage":"es","@id":"https:\/\/debbynocaminho.es\/index.php\/sobre-mi\/#primaryimage","url":"https:\/\/debbynocaminho.es\/wp-content\/uploads\/2025\/12\/foto-sencilla.png","contentUrl":"https:\/\/debbynocaminho.es\/wp-content\/uploads\/2025\/12\/foto-sencilla.png","width":1024,"height":1024},{"@type":"BreadcrumbList","@id":"https:\/\/debbynocaminho.es\/index.php\/sobre-mi\/#breadcrumb","itemListElement":[{"@type":"ListItem","position":1,"name":"Portada","item":"https:\/\/debbynocaminho.es\/"},{"@type":"ListItem","position":2,"name":"Sobre M\u00ed"}]},{"@type":"WebSite","@id":"https:\/\/debbynocaminho.es\/#website","url":"https:\/\/debbynocaminho.es\/","name":"DebbynoCaminho","description":"\u201cExperiencias del Camino, curadas para ti\u201d","publisher":{"@id":"https:\/\/debbynocaminho.es\/#\/schema\/person\/e41abc0c65ab10a4491ee4a8428ef567"},"potentialAction":[{"@type":"SearchAction","target":{"@type":"EntryPoint","urlTemplate":"https:\/\/debbynocaminho.es\/?s={search_term_string}"},"query-input":{"@type":"PropertyValueSpecification","valueRequired":true,"valueName":"search_term_string"}}],"inLanguage":"es"},{"@type":["Person","Organization"],"@id":"https:\/\/debbynocaminho.es\/#\/schema\/person\/e41abc0c65ab10a4491ee4a8428ef567","name":"admin","image":{"@type":"ImageObject","inLanguage":"es","@id":"https:\/\/debbynocaminho.es\/#\/schema\/person\/image\/","url":"https:\/\/debbynocaminho.es\/wp-content\/uploads\/2025\/12\/cropped-Logo-Trans.png","contentUrl":"https:\/\/debbynocaminho.es\/wp-content\/uploads\/2025\/12\/cropped-Logo-Trans.png","width":500,"height":499,"caption":"admin"},"logo":{"@id":"https:\/\/debbynocaminho.es\/#\/schema\/person\/image\/"},"sameAs":["https:\/\/debbynocaminho.es"]}]}},"_links":{"self":[{"href":"https:\/\/debbynocaminho.es\/index.php\/wp-json\/wp\/v2\/pages\/27","targetHints":{"allow":["GET"]}}],"collection":[{"href":"https:\/\/debbynocaminho.es\/index.php\/wp-json\/wp\/v2\/pages"}],"about":[{"href":"https:\/\/debbynocaminho.es\/index.php\/wp-json\/wp\/v2\/types\/page"}],"author":[{"embeddable":true,"href":"https:\/\/debbynocaminho.es\/index.php\/wp-json\/wp\/v2\/users\/1"}],"replies":[{"embeddable":true,"href":"https:\/\/debbynocaminho.es\/index.php\/wp-json\/wp\/v2\/comments?post=27"}],"version-history":[{"count":67,"href":"https:\/\/debbynocaminho.es\/index.php\/wp-json\/wp\/v2\/pages\/27\/revisions"}],"predecessor-version":[{"id":579,"href":"https:\/\/debbynocaminho.es\/index.php\/wp-json\/wp\/v2\/pages\/27\/revisions\/579"}],"wp:attachment":[{"href":"https:\/\/debbynocaminho.es\/index.php\/wp-json\/wp\/v2\/media?parent=27"}],"curies":[{"name":"wp","href":"https:\/\/api.w.org\/{rel}","templated":true}]}}